{"id":5121,"date":"2021-08-24T13:55:11","date_gmt":"2021-08-24T13:55:11","guid":{"rendered":"http:\/\/dummy.xtemos.com\/woodmart2\/?page_id=5121"},"modified":"2025-03-11T14:01:50","modified_gmt":"2025-03-11T13:01:50","slug":"utilisation","status":"publish","type":"page","link":"https:\/\/m2a-agro.com\/en\/utilisation","title":{"rendered":"Usage"},"content":{"rendered":"<div class=\"wpb-content-wrapper\"><div data-vc-full-width=\"true\" data-vc-full-width-init=\"false\" data-vc-stretch-content=\"true\" class=\"vc_row wpb_row vc_row-fluid vc_custom_1629815524200 vc_row-has-fill vc_row-no-padding vc_row-o-equal-height vc_row-flex wd-rs-612502df09f2d\"><div class=\"wpb_column vc_column_container vc_col-sm-12 vc_col-lg-6 vc_col-md-12 vc_col-xs-12 wd-rs-612502fce930b\"><div class=\"vc_column-inner vc_custom_1629815553577\"><div class=\"wpb_wrapper\">\t\t<div id=\"gallery_976\" class=\"wd-images-gallery wd-rs-67d02c390bc52 wd-justify-center wd-items-middle view-grid photoswipe-images\" >\n\t\t\t<div class=\"gallery-images row wd-spacing-2\">\n\t\t\t\t\t\t\t\t\t\t\t\t\t\t\t<div class=\"wd-gallery-item col-12\">\n\t\t\t\t\t\t\t\t\t\t\t\t\t\t<a href=\"https:\/\/m2a-agro.com\/wp-content\/uploads\/2025\/03\/1-2.jpg\" data-elementor-open-lightbox=\"no\" data-index=\"1\" data-width=\"1000\" data-height=\"562\"  >\n\t\t\t\t\t\t\t\t\n\t\t\t\t\t\t\t\t\t\t\t\t\t\t\t\t\t<img fetchpriority=\"high\" decoding=\"async\" width=\"1000\" height=\"562\" src=\"https:\/\/m2a-agro.com\/wp-content\/uploads\/2025\/03\/1-2.jpg\" class=\"wd-gallery-image image-1 attachment-full\" alt=\"\" title=\"1-2\" srcset=\"https:\/\/m2a-agro.com\/wp-content\/uploads\/2025\/03\/1-2.jpg 1000w, https:\/\/m2a-agro.com\/wp-content\/uploads\/2025\/03\/1-2-400x225.jpg 400w, https:\/\/m2a-agro.com\/wp-content\/uploads\/2025\/03\/1-2-768x432.jpg 768w, https:\/\/m2a-agro.com\/wp-content\/uploads\/2025\/03\/1-2-18x10.jpg 18w, https:\/\/m2a-agro.com\/wp-content\/uploads\/2025\/03\/1-2-860x483.jpg 860w, https:\/\/m2a-agro.com\/wp-content\/uploads\/2025\/03\/1-2-430x242.jpg 430w, https:\/\/m2a-agro.com\/wp-content\/uploads\/2025\/03\/1-2-700x393.jpg 700w, https:\/\/m2a-agro.com\/wp-content\/uploads\/2025\/03\/1-2-150x84.jpg 150w\" sizes=\"(max-width: 1000px) 100vw, 1000px\" \/>\t\t\t\t\t\t\t\t\n\n\t\t\t\t\t\t\t\t\t\t\t\t\t\t\t<\/a>\n\t\t\t\t\t\t\t\t\t\t\t\t<\/div>\n\t\t\t\t\t\t\t\t\t\t\t<div class=\"wd-gallery-item col-12\">\n\t\t\t\t\t\t\t\t\t\t\t\t\t\t<a href=\"https:\/\/m2a-agro.com\/wp-content\/uploads\/2025\/03\/2-2.jpg\" data-elementor-open-lightbox=\"no\" data-index=\"2\" data-width=\"1200\" data-height=\"1108\"  >\n\t\t\t\t\t\t\t\t\n\t\t\t\t\t\t\t\t\t\t\t\t\t\t\t\t\t<img decoding=\"async\" width=\"1200\" height=\"1108\" src=\"https:\/\/m2a-agro.com\/wp-content\/uploads\/2025\/03\/2-2.jpg\" class=\"wd-gallery-image image-2 attachment-full\" alt=\"\" title=\"2-2\" srcset=\"https:\/\/m2a-agro.com\/wp-content\/uploads\/2025\/03\/2-2.jpg 1200w, https:\/\/m2a-agro.com\/wp-content\/uploads\/2025\/03\/2-2-325x300.jpg 325w, https:\/\/m2a-agro.com\/wp-content\/uploads\/2025\/03\/2-2-866x800.jpg 866w, https:\/\/m2a-agro.com\/wp-content\/uploads\/2025\/03\/2-2-768x709.jpg 768w, https:\/\/m2a-agro.com\/wp-content\/uploads\/2025\/03\/2-2-13x12.jpg 13w, https:\/\/m2a-agro.com\/wp-content\/uploads\/2025\/03\/2-2-860x794.jpg 860w, https:\/\/m2a-agro.com\/wp-content\/uploads\/2025\/03\/2-2-430x397.jpg 430w, https:\/\/m2a-agro.com\/wp-content\/uploads\/2025\/03\/2-2-700x646.jpg 700w, https:\/\/m2a-agro.com\/wp-content\/uploads\/2025\/03\/2-2-150x139.jpg 150w\" sizes=\"(max-width: 1200px) 100vw, 1200px\" \/>\t\t\t\t\t\t\t\t\n\n\t\t\t\t\t\t\t\t\t\t\t\t\t\t\t<\/a>\n\t\t\t\t\t\t\t\t\t\t\t\t<\/div>\n\t\t\t\t\t\t\t\t\t\t\t<div class=\"wd-gallery-item col-12\">\n\t\t\t\t\t\t\t\t\t\t\t\t\t\t<a href=\"https:\/\/m2a-agro.com\/wp-content\/uploads\/2025\/02\/3-3.jpg\" data-elementor-open-lightbox=\"no\" data-index=\"3\" data-width=\"1200\" data-height=\"599\"  >\n\t\t\t\t\t\t\t\t\n\t\t\t\t\t\t\t\t\t\t\t\t\t\t\t\t\t<img decoding=\"async\" width=\"1200\" height=\"599\" src=\"https:\/\/m2a-agro.com\/wp-content\/uploads\/2025\/02\/3-3.jpg\" class=\"wd-gallery-image image-3 attachment-full\" alt=\"\" title=\"3\" srcset=\"https:\/\/m2a-agro.com\/wp-content\/uploads\/2025\/02\/3-3.jpg 1200w, https:\/\/m2a-agro.com\/wp-content\/uploads\/2025\/02\/3-3-400x200.jpg 400w, https:\/\/m2a-agro.com\/wp-content\/uploads\/2025\/02\/3-3-768x383.jpg 768w, https:\/\/m2a-agro.com\/wp-content\/uploads\/2025\/02\/3-3-860x429.jpg 860w, https:\/\/m2a-agro.com\/wp-content\/uploads\/2025\/02\/3-3-430x215.jpg 430w, https:\/\/m2a-agro.com\/wp-content\/uploads\/2025\/02\/3-3-700x349.jpg 700w, https:\/\/m2a-agro.com\/wp-content\/uploads\/2025\/02\/3-3-150x75.jpg 150w\" sizes=\"(max-width: 1200px) 100vw, 1200px\" \/>\t\t\t\t\t\t\t\t\n\n\t\t\t\t\t\t\t\t\t\t\t\t\t\t\t<\/a>\n\t\t\t\t\t\t\t\t\t\t\t\t<\/div>\n\t\t\t\t\t\t\t\t\t\t\t\t<\/div>\n\t\t<\/div>\n\t\t\t\t<\/div><\/div><\/div><div class=\"wpb_column vc_column_container vc_col-sm-12 vc_col-lg-5 vc_col-md-8 vc_col-xs-12 woodmart-sticky-column wd_sticky_offset_150 wd-rs-612502d7504af\"><div class=\"vc_column-inner vc_custom_1629815517130\"><div class=\"wpb_wrapper\">\t\t\n\t\t<div id=\"wd-67cec4650cdcc\" class=\"title-wrapper wd-wpb set-mb-s reset-last-child  wd-rs-67cec4650cdcc wd-title-color-default wd-underline-colored wd-title-style-default wd-width-100 text-left vc_custom_1741603937954\">\n\t\t\t\t\t\t\t<div class=\"title-subtitle  subtitle-color-default font-default subtitle-style-default wd-font-weight- wd-fontsize-m\">Huile d'olive olia oleifera<\/div>\n\t\t\t\n\t\t\t<div class=\"liner-continer\">\n\t\t\t\t<h4 class=\"woodmart-title-container title  wd-font-weight- wd-fontsize-xxxl\" >01. What is olive oil used for?<\/h4>\n\t\t\t\t\t\t\t<\/div>\n\t\t\t\n\t\t\t\n\t\t\t\n\t\t<\/div>\n\t\t\n\t\t\n<div class=\"vc-zigzag-wrapper vc_custom_1499929732869 vc-zigzag-align-left\"><div class=\"vc-zigzag-inner\" style=\"width: 10%;min-height: 14px;background: 0 repeat-x url(&#039;data:image\/svg+xml;utf-8,%3C%3Fxml%20version%3D%221.0%22%20encoding%3D%22utf-8%22%3F%3E%3C%21DOCTYPE%20svg%20PUBLIC%20%22-%2F%2FW3C%2F%2FDTD%20SVG%201.1%2F%2FEN%22%20%22http%3A%2F%2Fwww.w3.org%2FGraphics%2FSVG%2F1.1%2FDTD%2Fsvg11.dtd%22%3E%3Csvg%20width%3D%2214px%22%20height%3D%2212px%22%20viewBox%3D%220%200%2018%2015%22%20version%3D%221.1%22%20xmlns%3D%22http%3A%2F%2Fwww.w3.org%2F2000%2Fsvg%22%20xmlns%3Axlink%3D%22http%3A%2F%2Fwww.w3.org%2F1999%2Fxlink%22%3E%3Cpolygon%20id%3D%22Combined-Shape%22%20fill%3D%22%2383b735%22%20points%3D%228.98762301%200%200%209.12771969%200%2014.519983%209%205.40479869%2018%2014.519983%2018%209.12771969%22%3E%3C%2Fpolygon%3E%3C%2Fsvg%3E&#039;);\"><\/div><\/div>\t\t<div id=\"wd-67ac6d0dc1d7d\" class=\"wd-text-block wd-wpb reset-last-child wd-rs-67ac6d0dc1d7d wd-width-100 text-left color-title wd-fontsize-custom\">\n\t\t\t<p>Olive oil has many applications, thanks to its presence in many aspects and dimensions of our daily lives.<\/p>\n\t\t<\/div>\n\t\t\t\t<div id=\"wd-67ac6c915aa8e\" class=\"wd-text-block wd-wpb reset-last-child wd-rs-67ac6c915aa8e wd-width-90 text-left wd-fontsize-custom vc_custom_1739353343405\">\n\t\t\t<p>Here are some of the most common uses:<\/p>\n<p>Add a flavour to salads and meats.<br \/>\nOlive oil is used as a component in sauces such as mayonnaise, aioli sauce and vinaigrettes.<\/p>\n<p>It is also used for frying various foods such as meat, fish, potatoes, eggplants and croquettes.<\/p>\n<p>Olive oil is served with bread instead of butter at the start of the meal.<\/p>\n<p>Olive oil is often eaten raw for breakfast, accompanied by toast. In some regions, tomato pur\u00e9e, garlic, salt or sugar are added.<\/p>\n\t\t<\/div>\n\t\t<\/div><\/div><\/div><\/div><div class=\"vc_row-full-width vc_clearfix\"><\/div><div data-vc-full-width=\"true\" data-vc-full-width-init=\"false\" data-vc-stretch-content=\"true\" class=\"vc_row wpb_row vc_row-fluid vc_custom_1636033944162 vc_row-no-padding vc_row-o-equal-height vc_row-flex row-reverse-mobile row-reverse-tablet wd-rs-6183e58e6510d\"><div class=\"wpb_column vc_column_container vc_col-sm-12 vc_col-lg-offset-1 vc_col-lg-5 vc_col-md-offset-1 vc_col-md-8 vc_col-xs-12 woodmart-sticky-column wd_sticky_offset_150 wd-rs-6125036495fca\"><div class=\"vc_column-inner vc_custom_1629815662255\"><div class=\"wpb_wrapper\">\t\t\n\t\t<div id=\"wd-67cec4aa16dfe\" class=\"title-wrapper wd-wpb set-mb-s reset-last-child  wd-rs-67cec4aa16dfe wd-title-color-default wd-underline-colored wd-title-style-default wd-width-100 text-left vc_custom_1741604003762\">\n\t\t\t\t\t\t\t<div class=\"title-subtitle  subtitle-color-default font-default subtitle-style-default wd-font-weight- wd-fontsize-m\">Huile d'olive olia oleifera<\/div>\n\t\t\t\n\t\t\t<div class=\"liner-continer\">\n\t\t\t\t<h4 class=\"woodmart-title-container title  wd-font-weight- wd-fontsize-xxxl\" >02. L\u2019huile d\u2019olive olia oleifera sert \u00e0 am\u00e9liorer notre sant\u00e9<\/h4>\n\t\t\t\t\t\t\t<\/div>\n\t\t\t\n\t\t\t\n\t\t\t\n\t\t<\/div>\n\t\t\n\t\t\n<div class=\"vc-zigzag-wrapper vc_custom_1499676859048 vc-zigzag-align-left\"><div class=\"vc-zigzag-inner\" style=\"width: 10%;min-height: 14px;background: 0 repeat-x url(&#039;data:image\/svg+xml;utf-8,%3C%3Fxml%20version%3D%221.0%22%20encoding%3D%22utf-8%22%3F%3E%3C%21DOCTYPE%20svg%20PUBLIC%20%22-%2F%2FW3C%2F%2FDTD%20SVG%201.1%2F%2FEN%22%20%22http%3A%2F%2Fwww.w3.org%2FGraphics%2FSVG%2F1.1%2FDTD%2Fsvg11.dtd%22%3E%3Csvg%20width%3D%2214px%22%20height%3D%2212px%22%20viewBox%3D%220%200%2018%2015%22%20version%3D%221.1%22%20xmlns%3D%22http%3A%2F%2Fwww.w3.org%2F2000%2Fsvg%22%20xmlns%3Axlink%3D%22http%3A%2F%2Fwww.w3.org%2F1999%2Fxlink%22%3E%3Cpolygon%20id%3D%22Combined-Shape%22%20fill%3D%22%2383b735%22%20points%3D%228.98762301%200%200%209.12771969%200%2014.519983%209%205.40479869%2018%2014.519983%2018%209.12771969%22%3E%3C%2Fpolygon%3E%3C%2Fsvg%3E&#039;);\"><\/div><\/div>\t\t<div id=\"wd-67ac66c80d40b\" class=\"wd-text-block wd-wpb reset-last-child wd-rs-67ac66c80d40b wd-width-100 text-left color-title wd-fontsize-custom\">\n\t\t\t<p>Olive oil provides many health benefits<\/p>\n\t\t<\/div>\n\t\t\t\t<div id=\"wd-67ac6d37e5de0\" class=\"wd-text-block wd-wpb reset-last-child wd-rs-67ac6d37e5de0 wd-width-90 text-left wd-fontsize-custom vc_custom_1739353429273\">\n\t\t\t<p>Combined with a balanced diet and regular physical activity, olive oil helps reduce the risk of cardiovascular disease.<\/p>\n\t\t<\/div>\n\t\t<\/div><\/div><\/div><div class=\"wpb_column vc_column_container vc_col-sm-12 vc_col-lg-6 vc_col-md-12 vc_col-xs-12 wd-rs-612501271adc4\"><div class=\"vc_column-inner vc_custom_1629815080795\"><div class=\"wpb_wrapper\"><div class=\"vc_row wpb_row vc_inner vc_row-fluid\"><div class=\"wpb_column vc_column_container vc_col-sm-6 wd-rs-6125025ae3b46\"><div class=\"vc_column-inner vc_custom_1629815390751\"><div class=\"wpb_wrapper\"><div class=\"team-member wd-wpb text-center  member-layout-default color-scheme-dark\"><div class=\"member-image-wrapper\"><div class=\"member-image\"><img loading=\"lazy\" decoding=\"async\" width=\"400\" height=\"600\" src=\"https:\/\/m2a-agro.com\/wp-content\/uploads\/2025\/02\/1-3.jpg\" class=\"team-member-avatar-image attachment-full\" alt=\"\" title=\"1\" srcset=\"https:\/\/m2a-agro.com\/wp-content\/uploads\/2025\/02\/1-3.jpg 400w, https:\/\/m2a-agro.com\/wp-content\/uploads\/2025\/02\/1-3-200x300.jpg 200w, https:\/\/m2a-agro.com\/wp-content\/uploads\/2025\/02\/1-3-150x225.jpg 150w\" sizes=\"(max-width: 400px) 100vw, 400px\" \/><\/div><\/div><div class=\"member-details\"><\/div><\/div><\/div><\/div><\/div><div class=\"wpb_column vc_column_container vc_col-sm-6 wd-rs-6125024d6d741\"><div class=\"vc_column-inner vc_custom_1629815384559\"><div class=\"wpb_wrapper\"><div class=\"team-member wd-wpb text-center  member-layout-default color-scheme-dark\"><div class=\"member-image-wrapper\"><div class=\"member-image\"><img loading=\"lazy\" decoding=\"async\" width=\"400\" height=\"600\" src=\"https:\/\/m2a-agro.com\/wp-content\/uploads\/2025\/02\/2-3.jpg\" class=\"team-member-avatar-image attachment-full\" alt=\"\" title=\"2\" srcset=\"https:\/\/m2a-agro.com\/wp-content\/uploads\/2025\/02\/2-3.jpg 400w, https:\/\/m2a-agro.com\/wp-content\/uploads\/2025\/02\/2-3-200x300.jpg 200w, https:\/\/m2a-agro.com\/wp-content\/uploads\/2025\/02\/2-3-150x225.jpg 150w\" sizes=\"(max-width: 400px) 100vw, 400px\" \/><\/div><\/div><div class=\"member-details\"><\/div><\/div><\/div><\/div><\/div><\/div><\/div><\/div><\/div><\/div><div class=\"vc_row-full-width vc_clearfix\"><\/div>\n<\/div>","protected":false},"excerpt":{"rendered":"Huile d'olive olia oleifera 01. \u00c0 quoi sert l\u2019huile d\u2019olive ? L'huile d'olive a de nombreuses applications, gr\u00e2ce \u00e0 sa","protected":false},"author":1,"featured_media":0,"parent":0,"menu_order":0,"comment_status":"closed","ping_status":"closed","template":"","meta":{"footnotes":""},"class_list":["post-5121","page","type-page","status-publish","hentry"],"_links":{"self":[{"href":"https:\/\/m2a-agro.com\/en\/wp-json\/wp\/v2\/pages\/5121","targetHints":{"allow":["GET"]}}],"collection":[{"href":"https:\/\/m2a-agro.com\/en\/wp-json\/wp\/v2\/pages"}],"about":[{"href":"https:\/\/m2a-agro.com\/en\/wp-json\/wp\/v2\/types\/page"}],"author":[{"embeddable":true,"href":"https:\/\/m2a-agro.com\/en\/wp-json\/wp\/v2\/users\/1"}],"replies":[{"embeddable":true,"href":"https:\/\/m2a-agro.com\/en\/wp-json\/wp\/v2\/comments?post=5121"}],"version-history":[{"count":3,"href":"https:\/\/m2a-agro.com\/en\/wp-json\/wp\/v2\/pages\/5121\/revisions"}],"predecessor-version":[{"id":8783,"href":"https:\/\/m2a-agro.com\/en\/wp-json\/wp\/v2\/pages\/5121\/revisions\/8783"}],"wp:attachment":[{"href":"https:\/\/m2a-agro.com\/en\/wp-json\/wp\/v2\/media?parent=5121"}],"curies":[{"name":"wp","href":"https:\/\/api.w.org\/{rel}","templated":true}]}}